{"id":525,"date":"2025-12-19T10:40:05","date_gmt":"2025-12-19T15:40:05","guid":{"rendered":"https:\/\/formulaires.uqac.ca\/locaux\/?page_id=525"},"modified":"2026-02-12T10:29:56","modified_gmt":"2026-02-12T15:29:56","slug":"nad","status":"publish","type":"page","link":"https:\/\/formulaires.uqac.ca\/locaux\/nad\/","title":{"rendered":"Campus Montr\u00e9al et Sherbrooke"},"content":{"rendered":"<div class=\"frm_forms  with_frm_style frm_style_style-formidable\" id=\"frm_form_847_container\" data-token=\"f5e357564b8f97d56921d951023e0490\">\n<form enctype=\"multipart\/form-data\" method=\"post\" class=\"frm-show-form  frm_pro_form \" id=\"form_jb32m\" data-token=\"f5e357564b8f97d56921d951023e0490\">\n<div class=\"frm_form_fields \">\n<fieldset>\n<legend class=\"frm_screen_reader\">Arbre d\u00e9cisionnel - NAD<\/legend>\r\n\r\n<div class=\"frm_fields_container\">\n<input type=\"hidden\" name=\"frm_action\" value=\"create\" \/>\n<input type=\"hidden\" name=\"form_id\" value=\"847\" \/>\n<input type=\"hidden\" name=\"frm_hide_fields_847\" id=\"frm_hide_fields_847\" value=\"\" \/>\n<input type=\"hidden\" name=\"form_key\" value=\"jb32m\" \/>\n<input type=\"hidden\" name=\"item_meta[0]\" value=\"\" \/>\n<input type=\"hidden\" id=\"frm_submit_entry_847\" name=\"frm_submit_entry_847\" value=\"b3fbdb813f\" \/><input type=\"hidden\" name=\"_wp_http_referer\" value=\"\/locaux\/wp-json\/wp\/v2\/pages\/525\" \/><div id=\"frm_field_8783_container\" class=\"frm_form_field form-field  frm_top_container vertical_radio\">\r\n\t<div  id=\"field_9c25k_label\" class=\"frm_primary_label\">Je suis : \r\n\t\t<span class=\"frm_required\" aria-hidden=\"true\"><\/span>\r\n\t<\/div>\r\n\t<div class=\"frm_opt_container\" aria-labelledby=\"field_9c25k_label\" role=\"radiogroup\">\t\t<div class=\"frm_radio\" id=\"frm_radio_8783-1\">\t\t\t<label  for=\"field_9c25k-1\">\n\t\t\t\t\t<input type=\"radio\" name=\"item_meta[8783]\" id=\"field_9c25k-1\" value=\"Employ\u00e9 ou employ\u00e9e de l&#039;UQAC\"\n\t\t   data-invmsg=\"Je suis :  est non valide\" aria-invalid=\"false\"  \/> Employ\u00e9 ou employ\u00e9e de l'UQAC<\/label><\/div>\n\t\t<div class=\"frm_radio\" id=\"frm_radio_8783-2\">\t\t\t<label  for=\"field_9c25k-2\">\n\t\t\t\t\t<input type=\"radio\" name=\"item_meta[8783]\" id=\"field_9c25k-2\" value=\"Externe \u00e0 l&#039;UQAC\"\n\t\t   data-invmsg=\"Je suis :  est non valide\" aria-invalid=\"false\"  \/> Externe \u00e0 l'UQAC<\/label><\/div>\n<\/div>\r\n\t\r\n\t\r\n<\/div>\n<div id=\"frm_field_8825_container\" class=\"frm_form_field form-field  frm_top_container vertical_radio\">\r\n\t<div  id=\"field_w02wo_label\" class=\"frm_primary_label\">Pr\u00e9cisez : \r\n\t\t<span class=\"frm_required\" aria-hidden=\"true\"><\/span>\r\n\t<\/div>\r\n\t<div class=\"frm_opt_container\" aria-labelledby=\"field_w02wo_label\" role=\"radiogroup\">\t\t<div class=\"frm_radio\" id=\"frm_radio_8825-0\">\t\t\t<label  for=\"field_w02wo-0\">\n\t\t\t\t\t<input type=\"radio\" name=\"item_meta[8825]\" id=\"field_w02wo-0\" value=\"Je suis un partenaire de l&#039;UQAC\"\n\t\t   data-invmsg=\"Pr\u00e9cisez :  est non valide\" aria-invalid=\"false\"  \/> Je suis un partenaire de l'UQAC<\/label><\/div>\n\t\t<div class=\"frm_radio\" id=\"frm_radio_8825-1\">\t\t\t<label  for=\"field_w02wo-1\">\n\t\t\t\t\t<input type=\"radio\" name=\"item_meta[8825]\" id=\"field_w02wo-1\" value=\"Je souhaite faire un tournage dans l&#039;universit\u00e9\"\n\t\t   data-invmsg=\"Pr\u00e9cisez :  est non valide\" aria-invalid=\"false\"  \/> Je souhaite faire un tournage dans l'universit\u00e9<\/label><\/div>\n\t\t<div class=\"frm_radio\" id=\"frm_radio_8825-2\">\t\t\t<label  for=\"field_w02wo-2\">\n\t\t\t\t\t<input type=\"radio\" name=\"item_meta[8825]\" id=\"field_w02wo-2\" value=\"Je repr\u00e9sente une institution d&#039;enseignement et j&#039;ai besoin de r\u00e9server une classe\"\n\t\t   data-invmsg=\"Pr\u00e9cisez :  est non valide\" aria-invalid=\"false\"  \/> Je repr\u00e9sente une institution d'enseignement et j'ai besoin de r\u00e9server une classe<\/label><\/div>\n\t\t<div class=\"frm_radio\" id=\"frm_radio_8825-3\">\t\t\t<label  for=\"field_w02wo-3\">\n\t\t\t\t\t<input type=\"radio\" name=\"item_meta[8825]\" id=\"field_w02wo-3\" value=\"Aucune de ces r\u00e9ponses\"\n\t\t   data-invmsg=\"Pr\u00e9cisez :  est non valide\" aria-invalid=\"false\"  \/> Aucune de ces r\u00e9ponses<\/label><\/div>\n<\/div>\r\n\t\r\n\t\r\n<\/div>\n<div id=\"frm_field_11027_container\" class=\"frm_form_field form-field  frm_top_container vertical_radio\">\n\t<div  id=\"field_g2813_label\" class=\"frm_primary_label\">Votre activit\u00e9 n\u00e9cessite-t-elle une r\u00e9servation de salle ?\n\t\t<span class=\"frm_required\" aria-hidden=\"true\"><\/span>\n\t<\/div>\n\t<div class=\"frm_opt_container\" aria-labelledby=\"field_g2813_label\" role=\"radiogroup\">\t\t<div class=\"frm_radio\" id=\"frm_radio_11027-0\">\t\t\t<label  for=\"field_g2813-0\">\n\t\t\t\t\t<input type=\"radio\" name=\"item_meta[11027]\" id=\"field_g2813-0\" value=\"Oui\"\n\t\t   data-invmsg=\"Votre activit\u00e9 n\u00e9cessite-t-elle une r\u00e9servation de salle ? est non valide\" aria-invalid=\"false\"  \/> Oui<\/label><\/div>\n\t\t<div class=\"frm_radio\" id=\"frm_radio_11027-1\">\t\t\t<label  for=\"field_g2813-1\">\n\t\t\t\t\t<input type=\"radio\" name=\"item_meta[11027]\" id=\"field_g2813-1\" value=\"Non\"\n\t\t   data-invmsg=\"Votre activit\u00e9 n\u00e9cessite-t-elle une r\u00e9servation de salle ? est non valide\" aria-invalid=\"false\"  \/> Non<\/label><\/div>\n<\/div>\n\t\n\t\n<\/div>\n<div id=\"frm_field_11026_container\" class=\"frm_form_field form-field  frm_top_container vertical_radio\">\n\t<div  id=\"field_1j9ss_label\" class=\"frm_primary_label\">Avez-vous adress\u00e9 votre demande \u00e0 la Direction des communications et des relations publiques et obtenu l'autorisation pour r\u00e9aliser votre activit\u00e9 ? \n\t\t<span class=\"frm_required\" aria-hidden=\"true\"><\/span>\n\t<\/div>\n\t<div class=\"frm_opt_container\" aria-labelledby=\"field_1j9ss_label\" role=\"radiogroup\">\t\t<div class=\"frm_radio\" id=\"frm_radio_11026-0\">\t\t\t<label  for=\"field_1j9ss-0\">\n\t\t\t\t\t<input type=\"radio\" name=\"item_meta[11026]\" id=\"field_1j9ss-0\" value=\"Oui\"\n\t\t   data-invmsg=\"Avez-vous adress\u00e9 votre demande \u00e0 la Direction des communications et des relations publiques et obtenu l&#039;autorisation pour r\u00e9aliser votre activit\u00e9 ?  est non valide\" aria-invalid=\"false\"  \/> Oui<\/label><\/div>\n\t\t<div class=\"frm_radio\" id=\"frm_radio_11026-1\">\t\t\t<label  for=\"field_1j9ss-1\">\n\t\t\t\t\t<input type=\"radio\" name=\"item_meta[11026]\" id=\"field_1j9ss-1\" value=\"Non\"\n\t\t   data-invmsg=\"Avez-vous adress\u00e9 votre demande \u00e0 la Direction des communications et des relations publiques et obtenu l&#039;autorisation pour r\u00e9aliser votre activit\u00e9 ?  est non valide\" aria-invalid=\"false\"  \/> Non<\/label><\/div>\n<\/div>\n\t\n\t\n<\/div>\n<div id=\"frm_field_8915_container\" class=\"frm_form_field form-field  frm_top_container vertical_radio\">\r\n\t<div  id=\"field_umcx5_label\" class=\"frm_primary_label\">Je souhaite organiser une activit\u00e9 en lien avec mes fonctions professionnelles\r\n\t\t<span class=\"frm_required\" aria-hidden=\"true\"><\/span>\r\n\t<\/div>\r\n\t<div class=\"frm_opt_container\" aria-labelledby=\"field_umcx5_label\" role=\"radiogroup\">\t\t<div class=\"frm_radio\" id=\"frm_radio_8915-0\">\t\t\t<label  for=\"field_umcx5-0\">\n\t\t\t\t\t<input type=\"radio\" name=\"item_meta[8915]\" id=\"field_umcx5-0\" value=\"Oui\"\n\t\t   data-invmsg=\"Je souhaite organiser une activit\u00e9 en lien avec mes fonctions professionnelles est non valide\" aria-invalid=\"false\"  \/> Oui<\/label><\/div>\n\t\t<div class=\"frm_radio\" id=\"frm_radio_8915-1\">\t\t\t<label  for=\"field_umcx5-1\">\n\t\t\t\t\t<input type=\"radio\" name=\"item_meta[8915]\" id=\"field_umcx5-1\" value=\"Non\"\n\t\t   data-invmsg=\"Je souhaite organiser une activit\u00e9 en lien avec mes fonctions professionnelles est non valide\" aria-invalid=\"false\"  \/> Non<\/label><\/div>\n<\/div>\r\n\t\r\n\t\r\n<\/div>\n<div id=\"frm_field_9998_container\" class=\"frm_form_field form-field  frm_top_container vertical_radio\">\r\n\t<div  id=\"field_grzhv_label\" class=\"frm_primary_label\">Je souhaite faire un tournage dans l'universit\u00e9\r\n\t\t<span class=\"frm_required\" aria-hidden=\"true\"><\/span>\r\n\t<\/div>\r\n\t<div class=\"frm_opt_container\" aria-labelledby=\"field_grzhv_label\" role=\"radiogroup\">\t\t<div class=\"frm_radio\" id=\"frm_radio_9998-0\">\t\t\t<label  for=\"field_grzhv-0\">\n\t\t\t\t\t<input type=\"radio\" name=\"item_meta[9998]\" id=\"field_grzhv-0\" value=\"Oui\"\n\t\t   data-invmsg=\"Je souhaite faire un tournage dans l&#039;universit\u00e9 est non valide\" aria-invalid=\"false\"  \/> Oui<\/label><\/div>\n\t\t<div class=\"frm_radio\" id=\"frm_radio_9998-1\">\t\t\t<label  for=\"field_grzhv-1\">\n\t\t\t\t\t<input type=\"radio\" name=\"item_meta[9998]\" id=\"field_grzhv-1\" value=\"Non\"\n\t\t   data-invmsg=\"Je souhaite faire un tournage dans l&#039;universit\u00e9 est non valide\" aria-invalid=\"false\"  \/> Non<\/label><\/div>\n<\/div>\r\n\t\r\n\t\r\n<\/div>\n<div id=\"frm_field_10664_container\" class=\"frm_form_field form-field  frm_top_container vertical_radio\">\r\n\t<div  id=\"field_n7vs8_label\" class=\"frm_primary_label\">Avez-vous compl\u00e9t\u00e9 et transmis le formulaire de demande de tournage sur le campus ?\r\n\t\t<span class=\"frm_required\" aria-hidden=\"true\"><\/span>\r\n\t<\/div>\r\n\t<div class=\"frm_opt_container\" aria-labelledby=\"field_n7vs8_label\" role=\"radiogroup\">\t\t<div class=\"frm_radio\" id=\"frm_radio_10664-0\">\t\t\t<label  for=\"field_n7vs8-0\">\n\t\t\t\t\t<input type=\"radio\" name=\"item_meta[10664]\" id=\"field_n7vs8-0\" value=\"Oui\"\n\t\t   data-invmsg=\"Avez-vous compl\u00e9t\u00e9 et transmis le formulaire de demande de tournage sur le campus ? est non valide\" aria-invalid=\"false\"  \/> Oui<\/label><\/div>\n\t\t<div class=\"frm_radio\" id=\"frm_radio_10664-1\">\t\t\t<label  for=\"field_n7vs8-1\">\n\t\t\t\t\t<input type=\"radio\" name=\"item_meta[10664]\" id=\"field_n7vs8-1\" value=\"Non\"\n\t\t   data-invmsg=\"Avez-vous compl\u00e9t\u00e9 et transmis le formulaire de demande de tournage sur le campus ? est non valide\" aria-invalid=\"false\"  \/> Non<\/label><\/div>\n<\/div>\r\n\t\r\n\t\r\n<\/div>\n<div id=\"frm_field_8951_container\" class=\"frm_form_field form-field  frm_top_container vertical_radio\">\r\n\t<div  id=\"field_cyi7q_label\" class=\"frm_primary_label\">Je souhaite r\u00e9server une salle pour une r\u00e9union (15 personnes et moins)\r\n\t\t<span class=\"frm_required\" aria-hidden=\"true\"><\/span>\r\n\t<\/div>\r\n\t<div class=\"frm_opt_container\" aria-labelledby=\"field_cyi7q_label\" role=\"radiogroup\">\t\t<div class=\"frm_radio\" id=\"frm_radio_8951-0\">\t\t\t<label  for=\"field_cyi7q-0\">\n\t\t\t\t\t<input type=\"radio\" name=\"item_meta[8951]\" id=\"field_cyi7q-0\" value=\"Oui\"\n\t\t   data-invmsg=\"Je souhaite r\u00e9server une salle pour une r\u00e9union (15 personnes et moins) est non valide\" aria-invalid=\"false\"  \/> Oui<\/label><\/div>\n\t\t<div class=\"frm_radio\" id=\"frm_radio_8951-1\">\t\t\t<label  for=\"field_cyi7q-1\">\n\t\t\t\t\t<input type=\"radio\" name=\"item_meta[8951]\" id=\"field_cyi7q-1\" value=\"Non\"\n\t\t   data-invmsg=\"Je souhaite r\u00e9server une salle pour une r\u00e9union (15 personnes et moins) est non valide\" aria-invalid=\"false\"  \/> Non<\/label><\/div>\n<\/div>\r\n\t\r\n\t\r\n<\/div>\n<div id=\"frm_field_8949_container\" class=\"frm_form_field form-field  frm_top_container vertical_radio\">\r\n\t<div  id=\"field_ntibp_label\" class=\"frm_primary_label\">Est-ce que votre activit\u00e9 g\u00e9n\u00e8rera des revenus et\/ou des d\u00e9penses?\r\n\t\t<span class=\"frm_required\" aria-hidden=\"true\"><\/span>\r\n\t<\/div>\r\n\t<div class=\"frm_opt_container\" aria-labelledby=\"field_ntibp_label\" role=\"radiogroup\">\t\t<div class=\"frm_radio\" id=\"frm_radio_8949-0\">\t\t\t<label  for=\"field_ntibp-0\">\n\t\t\t\t\t<input type=\"radio\" name=\"item_meta[8949]\" id=\"field_ntibp-0\" value=\"Oui\"\n\t\t   data-invmsg=\"Est-ce que votre activit\u00e9 g\u00e9n\u00e8rera des revenus et\/ou des d\u00e9penses? est non valide\" aria-invalid=\"false\"  \/> Oui<\/label><\/div>\n\t\t<div class=\"frm_radio\" id=\"frm_radio_8949-1\">\t\t\t<label  for=\"field_ntibp-1\">\n\t\t\t\t\t<input type=\"radio\" name=\"item_meta[8949]\" id=\"field_ntibp-1\" value=\"Non\"\n\t\t   data-invmsg=\"Est-ce que votre activit\u00e9 g\u00e9n\u00e8rera des revenus et\/ou des d\u00e9penses? est non valide\" aria-invalid=\"false\"  \/> Non<\/label><\/div>\n<\/div>\r\n\t\r\n\t\r\n<\/div>\n<div id=\"frm_field_8788_container\" class=\"frm_form_field form-field  frm_top_container vertical_radio\">\r\n\t<div  id=\"field_mav99_label\" class=\"frm_primary_label\">Avez-vous compl\u00e9t\u00e9 et transmis votre budget au service des finances ?\r\n\t\t<span class=\"frm_required\" aria-hidden=\"true\"><\/span>\r\n\t<\/div>\r\n\t<div class=\"frm_opt_container\" aria-labelledby=\"field_mav99_label\" role=\"radiogroup\">\t\t<div class=\"frm_radio\" id=\"frm_radio_8788-0\">\t\t\t<label  for=\"field_mav99-0\">\n\t\t\t\t\t<input type=\"radio\" name=\"item_meta[8788]\" id=\"field_mav99-0\" value=\"Oui\"\n\t\t   data-invmsg=\"Avez-vous compl\u00e9t\u00e9 et transmis votre budget au service des finances ? est non valide\" aria-invalid=\"false\"  \/> Oui<\/label><\/div>\n\t\t<div class=\"frm_radio\" id=\"frm_radio_8788-1\">\t\t\t<label  for=\"field_mav99-1\">\n\t\t\t\t\t<input type=\"radio\" name=\"item_meta[8788]\" id=\"field_mav99-1\" value=\"Non\"\n\t\t   data-invmsg=\"Avez-vous compl\u00e9t\u00e9 et transmis votre budget au service des finances ? est non valide\" aria-invalid=\"false\"  \/> Non<\/label><\/div>\n<\/div>\r\n\t\r\n\t\r\n<\/div>\n<div id=\"frm_field_8916_container\" class=\"frm_form_field form-field  frm_top_container vertical_radio\">\r\n\t<div  id=\"field_nr0qb_label\" class=\"frm_primary_label\">Est-ce cette activit\u00e9 se d\u00e9roulera sur le campus de l'UQAC \u00e0 Montr\u00e9al \/ Sherbrooke?\r\n\t\t<span class=\"frm_required\" aria-hidden=\"true\"><\/span>\r\n\t<\/div>\r\n\t<div class=\"frm_opt_container\" aria-labelledby=\"field_nr0qb_label\" role=\"radiogroup\">\t\t<div class=\"frm_radio\" id=\"frm_radio_8916-0\">\t\t\t<label  for=\"field_nr0qb-0\">\n\t\t\t\t\t<input type=\"radio\" name=\"item_meta[8916]\" id=\"field_nr0qb-0\" value=\"Oui\"\n\t\t   data-invmsg=\"Est-ce cette activit\u00e9 se d\u00e9roulera sur le campus de l&#039;UQAC \u00e0 Montr\u00e9al \/ Sherbrooke? est non valide\" aria-invalid=\"false\"  \/> Oui<\/label><\/div>\n\t\t<div class=\"frm_radio\" id=\"frm_radio_8916-1\">\t\t\t<label  for=\"field_nr0qb-1\">\n\t\t\t\t\t<input type=\"radio\" name=\"item_meta[8916]\" id=\"field_nr0qb-1\" value=\"Non\"\n\t\t   data-invmsg=\"Est-ce cette activit\u00e9 se d\u00e9roulera sur le campus de l&#039;UQAC \u00e0 Montr\u00e9al \/ Sherbrooke? est non valide\" aria-invalid=\"false\"  \/> Non<\/label><\/div>\n<\/div>\r\n\t\r\n\t\r\n<\/div>\n<div id=\"frm_field_8793_container\" class=\"frm_form_field form-field  frm_top_container frm12 frm_first vertical_radio\">\r\n\t<div  id=\"field_iy8qb_label\" class=\"frm_primary_label\">Quel type d'activit\u00e9 ?\r\n\t\t<span class=\"frm_required\" aria-hidden=\"true\"><\/span>\r\n\t<\/div>\r\n\t<div class=\"frm_opt_container\" aria-labelledby=\"field_iy8qb_label\" role=\"radiogroup\">\t\t<div class=\"frm_radio\" id=\"frm_radio_8793-1\">\t\t\t<label  for=\"field_iy8qb-1\">\n\t\t\t\t\t<input type=\"radio\" name=\"item_meta[8793]\" id=\"field_iy8qb-1\" value=\"\u00c9cole d&#039;\u00e9t\u00e9\"\n\t\t   data-invmsg=\"Quel type d&#039;activit\u00e9 ? est non valide\" aria-invalid=\"false\"  \/> \u00c9cole d'\u00e9t\u00e9<\/label><\/div>\n\t\t<div class=\"frm_radio\" id=\"frm_radio_8793-2\">\t\t\t<label  for=\"field_iy8qb-2\">\n\t\t\t\t\t<input type=\"radio\" name=\"item_meta[8793]\" id=\"field_iy8qb-2\" value=\"Autre\"\n\t\t   data-invmsg=\"Quel type d&#039;activit\u00e9 ? est non valide\" aria-invalid=\"false\"  \/> Autre<\/label><\/div>\n<\/div>\r\n\t\r\n\t\r\n<\/div>\n<div id=\"frm_field_8795_container\" class=\"frm_form_field form-field  frm_top_container vertical_radio\">\r\n\t<div  id=\"field_j3th9_label\" class=\"frm_primary_label\">Avez-vous re\u00e7u l'autorisation du Vice-rectorat aux \u00e9tudes, \u00e0 la formation et \u00e0 la r\u00e9ussite (VREFR) ? ?\r\n\t\t<span class=\"frm_required\" aria-hidden=\"true\"><\/span>\r\n\t<\/div>\r\n\t<div class=\"frm_opt_container\" aria-labelledby=\"field_j3th9_label\" role=\"radiogroup\">\t\t<div class=\"frm_radio\" id=\"frm_radio_8795-0\">\t\t\t<label  for=\"field_j3th9-0\">\n\t\t\t\t\t<input type=\"radio\" name=\"item_meta[8795]\" id=\"field_j3th9-0\" value=\"Oui\"\n\t\t   data-invmsg=\"Avez-vous re\u00e7u l&#039;autorisation du Vice-rectorat aux \u00e9tudes, \u00e0 la formation et \u00e0 la r\u00e9ussite (VREFR) ? ? est non valide\" aria-invalid=\"false\"  \/> Oui<\/label><\/div>\n\t\t<div class=\"frm_radio\" id=\"frm_radio_8795-1\">\t\t\t<label  for=\"field_j3th9-1\">\n\t\t\t\t\t<input type=\"radio\" name=\"item_meta[8795]\" id=\"field_j3th9-1\" value=\"Non\"\n\t\t   data-invmsg=\"Avez-vous re\u00e7u l&#039;autorisation du Vice-rectorat aux \u00e9tudes, \u00e0 la formation et \u00e0 la r\u00e9ussite (VREFR) ? ? est non valide\" aria-invalid=\"false\"  \/> Non<\/label><\/div>\n<\/div>\r\n\t\r\n\t\r\n<\/div>\n<div id=\"frm_field_8789_container\" class=\"frm_form_field  frm_html_container form-field\">\n<div style=\"width: 100%; height: 100%; padding: 1em; background-color: #f0f0f0; border-radius: 10px; border: 1px solid #ccc;\">\n<p><b>Budget<\/b><\/p>\n<div id=\"frm_field_110_container\" class=\"frm_form_field frm12 frm12 frm_first frm_html_container form-field\">\n<p><em>Il est important de s'assurer que les d\u00e9penses pr\u00e9vues au budget soient admissibles. Si vous pr\u00e9voyez vendre ou offrir de l\u2019alcool, il est important de la pr\u00e9ciser dans le formulaire. Cette v\u00e9rification devra \u00eatre effectu\u00e9e aupr\u00e8s du D\u00e9canat de la recherche, de la cr\u00e9ation et de l'innovation.<\/em><\/p>\n<\/div>\n<div id=\"frm_field_112_container\" class=\"frm_form_field frm12 frm6 frm_first frm_html_container form-field\">\n<p>1) T\u00e9l\u00e9chargez le mod\u00e8le qui vous concerne et compl\u00e9tez le.<\/p>\n<p style=\"text-align: left;\">a) <a href=\"https:\/\/www.uqac.ca\/scrp-docs\/trousses\/evenements\/budget.xlsx\">Mod\u00e8le Colloques, congr\u00e8s et autres activit\u00e9s<\/a><\/p>\n<p style=\"text-align: left;\">b) <a href=\"https:\/\/www.uqac.ca\/scrp-docs\/trousses\/evenements\/Budget_Ecole_ete.xlsx\">Mod\u00e8le \u00c9cole d'\u00e9t\u00e9<\/a><\/p>\n<p>2) Faire parvenir le budget ainsi compl\u00e9t\u00e9 \u00e0 <a href=\"mailto:financesdrc@uqac.ca\">financesdrc@uqac.ca<\/a><\/p>\n<\/div>\n<\/div>\n<\/div>\n<div id=\"frm_field_8790_container\" class=\"frm_form_field  frm12 frm_first frm_html_container form-field\">\n<div style=\"width: 100%; height: 100%; padding: 1em; background-color: #f0f0f0; border-radius: 10px; border: 1px solid #ccc;\">\n<p>Vous pouvez compl\u00e9ter le <a href=\"https:\/\/www.uqac.ca\/evenements\/service-daccompagnement-externe\/\">formulaire du service d'accompagnement directement<\/a>.<\/p>\n<p>&nbsp;<\/p>\n<\/div>\n<\/div>\n<div id=\"frm_field_8952_container\" class=\"frm_form_field  frm12 frm_first frm_html_container form-field\">\n<div style=\"width: 100%; height: 100%; padding: 1em; background-color: #f0f0f0; border-radius: 10px; border: 1px solid #ccc;\">Vous pouvez consulter la disponibilit\u00e9 des locaux et effectuer une r\u00e9servation<br \/>\npour des groupes de <a href=\"https:\/\/salles.bibliotheque.uqac.ca\/r\/new\/\" target=\"_blank\" rel=\"noopener\">2 \u00e0 8 personnes<\/a><br \/>\nou de <a href=\"https:\/\/salles.bibliotheque.uqac.ca\/r\/new?lid=2007&gid=0&zone=0&capacity=1&date=2025-12-22&start=&end=\" target=\"_blank\" rel=\"noopener\">9 \u00e0 15 personnes.<\/a><\/div>\n<\/div>\n<div id=\"frm_field_8917_container\" class=\"frm_form_field  frm12 frm_first frm_html_container form-field\">\n<div style=\"width: 100%; height: 100%; padding: 1em; background-color: #f0f0f0; border-radius: 10px; border: 1px solid #ccc;\">Consulter la section \"<a href=\"https:\/\/www.uqac.ca\/evenements\/soutien-hors-campus\/\">soutien hors campus<\/a>\" sur le site des \u00e9v\u00e9nements et <a href=\"https:\/\/www.uqac.ca\/evenements\/informez-nous\/\">compl\u00e9ter notre formulaire<\/a> afin de nous informer<\/div>\n<div><\/div>\n<\/div>\n<div id=\"frm_field_8792_container\" class=\"frm_form_field  frm12 frm_first frm_html_container form-field\">\n<div style=\"width: 100%; height: 100%; padding: 1em; background-color: #f0f0f0; border-radius: 10px; border: 1px solid #ccc;\">\n<p><strong>Service d'accompagnement<\/strong> :<br \/>\ncompl\u00e9tez ce <a href=\"https:\/\/www.uqac.ca\/evenements\/informez-nous\/\">formulaire interactif <\/a> afin de nous informer de votre projet.<\/p>\n<\/div>\n<\/div>\n<div id=\"frm_field_8826_container\" class=\"frm_form_field  frm_html_container form-field\">\n<div style=\"width: 100%; height:100%; padding: 1em; background-color:#f0f0f0; border-radius:10px; border:1px solid #ccc;\">\nVeuillez communiquer avec le Service des communications et des relations publiques \u00e0 l'adresse suivante : <a href=\"mailto:communications@uqac.ca\">communications@uqac.ca<\/a>\n<\/div>\n<\/div>\n<div id=\"frm_field_10340_container\" class=\"frm_form_field  frm_html_container form-field\">\n<div style=\"width: 100%; height: 100%; padding: 1em; background-color: #f0f0f0; border-radius: 10px; border: 1px solid #ccc;\">Veuillez comp\u00e9ter le <a href=\"https:\/\/www.uqac.ca\/evenements\/demande-de-tournage-sur-le-campus\/\"> formulaire de demande de tournage sur le campus<\/a>.<\/div>\n<div><\/div>\n<div><\/div>\n<\/div>\n<div id=\"frm_field_8796_container\" class=\"frm_form_field  frm_html_container form-field\">\n<div style=\"width: 100%; height: 100%; padding: 1em; background-color: #f0f0f0; border-radius: 10px; border: 1px solid #ccc;\">\n<p>Les activit\u00e9s qui ne sont pas directement en lien avec la mission de l'UQAC ne sont pas autoris\u00e9es dans les locaux et installations de l'institution.\n<\/p><\/div>\n<\/div>\n<div id=\"frm_field_8782_container\" class=\"frm_form_field form-field \">\r\n\t<div class=\"frm_submit frm_flex\">\r\n<button class=\"frm_button_submit frm_final_submit\" type=\"submit\"  >Envoyer<\/button>\r\n\r\n\r\n\r\n<\/div>\r\n<\/div>\n\t<input type=\"hidden\" name=\"item_key\" value=\"\" \/>\n\t\t\t<div id=\"frm_field_11320_container\">\n\t\t\t<label for=\"field_uzzf3\" >\n\t\t\t\tSi vous \u00eates un humain, ne remplissez pas ce champ.\t\t\t<\/label>\n\t\t\t<input  id=\"field_uzzf3\" type=\"text\" class=\"frm_form_field form-field frm_verify\" name=\"item_meta[11320]\" value=\"\"  \/>\n\t\t<\/div>\n\t\t<input name=\"frm_state\" type=\"hidden\" value=\"hvUxKjMV4C1zH90CHPXTPEWRu\/8Z0LVdUVufH77A25Ex6XZzQg7N1fkcOWFVa6BO\" \/><\/div>\n<\/fieldset>\n<\/div>\n\n<\/form>\n<\/div>\n\n","protected":false},"excerpt":{"rendered":"","protected":false},"author":64,"featured_media":0,"parent":0,"menu_order":0,"comment_status":"closed","ping_status":"closed","template":"page-templates\/full-width.php","meta":{"footnotes":""},"_links":{"self":[{"href":"https:\/\/formulaires.uqac.ca\/locaux\/wp-json\/wp\/v2\/pages\/525"}],"collection":[{"href":"https:\/\/formulaires.uqac.ca\/locaux\/wp-json\/wp\/v2\/pages"}],"about":[{"href":"https:\/\/formulaires.uqac.ca\/locaux\/wp-json\/wp\/v2\/types\/page"}],"author":[{"embeddable":true,"href":"https:\/\/formulaires.uqac.ca\/locaux\/wp-json\/wp\/v2\/users\/64"}],"replies":[{"embeddable":true,"href":"https:\/\/formulaires.uqac.ca\/locaux\/wp-json\/wp\/v2\/comments?post=525"}],"version-history":[{"count":2,"href":"https:\/\/formulaires.uqac.ca\/locaux\/wp-json\/wp\/v2\/pages\/525\/revisions"}],"predecessor-version":[{"id":534,"href":"https:\/\/formulaires.uqac.ca\/locaux\/wp-json\/wp\/v2\/pages\/525\/revisions\/534"}],"wp:attachment":[{"href":"https:\/\/formulaires.uqac.ca\/locaux\/wp-json\/wp\/v2\/media?parent=525"}],"curies":[{"name":"wp","href":"https:\/\/api.w.org\/{rel}","templated":true}]}}